{"id":13556,"date":"2023-09-25T17:00:04","date_gmt":"2023-09-25T15:00:04","guid":{"rendered":"https:\/\/abylight.shop\/es\/?post_type=product&#038;p=13556"},"modified":"2025-11-26T12:55:07","modified_gmt":"2025-11-26T11:55:07","slug":"super-hydorah-para-nintendo-switch-edicion-estandar","status":"publish","type":"product","link":"https:\/\/abylight.shop\/es\/juegos\/nintendo-switch\/super-hydorah-para-nintendo-switch-edicion-estandar\/","title":{"rendered":"Super Hydorah para Nintendo Switch &#8211; Edici\u00f3n Est\u00e1ndar"},"content":{"rendered":"\t\t<div data-elementor-type=\"product-post\" data-elementor-id=\"13556\" class=\"elementor elementor-13556\" data-elementor-settings=\"[]\">\n\t\t\t\t\t\t\t<div class=\"elementor-section-wrap\">\n\t\t\t\t\t\t\t<section class=\"elementor-section elementor-top-section elementor-element elementor-element-3065b795 elementor-section-boxed elementor-section-height-default elementor-section-height-default wd-section-disabled\" data-id=\"3065b795\" data-element_type=\"section\">\n\t\t\t\t\t\t<div class=\"elementor-container elementor-column-gap-default\">\n\t\t\t\t\t<div class=\"elementor-column elementor-col-100 elementor-top-column elementor-element elementor-element-77b3f2ca\" data-id=\"77b3f2ca\" data-element_type=\"column\">\n\t\t\t<div class=\"elementor-widget-wrap elementor-element-populated\">\n\t\t\t\t\t\t\t\t<div class=\"elementor-element elementor-element-1151219e color-scheme-inherit text-left elementor-widget elementor-widget-text-editor\" data-id=\"1151219e\" data-element_type=\"widget\" data-widget_type=\"text-editor.default\">\n\t\t\t\t<div class=\"elementor-widget-container\">\n\t\t\t\t\t\t\t\t<div class=\"elementor-element elementor-element-691b9b3 color-scheme-inherit text-left elementor-widget elementor-widget-text-editor\" data-id=\"691b9b3\" data-element_type=\"widget\" data-widget_type=\"text-editor.default\"><div class=\"elementor-widget-container\"><h2><strong>Sube a tu Delta Lance y pr\u00e9parate para acabar con la amenaza de los meroptians.<\/strong><\/h2><p>Una fuerza oscura ha lanzado una invasi\u00f3n sobre la estrella Omnios. Solo t\u00fa, el m\u00e1s experimentado y mort\u00edfero piloto de la galaxia, puedes luchar contra la amenaza de los meroptians, criaturas bio-mec\u00e1nicas despiadadas con sed de conquista. <strong>\u00a1Equipa tu nave, elige una ruta y lucha planeta a planeta contra las hordas de Meroptians!<\/strong><\/p><p><strong>Super Hydorah es un matamarcianos horizontal y no lineal dise\u00f1ado para ofrecer una experiencia desafiante<\/strong>, sublimando lo mejor de los shoot\u2019em up cl\u00e1sicos: acci\u00f3n directa, arte nost\u00e1lgico y un amplio abanico de contenido y situaciones espaciales \u00fanicas. Horas de diversi\u00f3n intensa, solo o con tus amigos, para hacer frente a la amenaza de los Meroptians a bordo de tu nave Delta Lance.<\/p><h2>\u00a0<\/h2><h2>Caracter\u00edsticas<\/h2><ul><li>\u00a1F\u00e1cil de aprender, d\u00edficil de dominar!<\/li><li>21 niveles divididos en 35 sub-niveles, 35 jefes finales y m\u00e1s de 100 enemigos.<\/li><li>3 modos de juego: un jugador, multijugador cooperativo y un minijuego llamado robot chase.<\/li><li>Dise\u00f1o de niveles no lineal con selecci\u00f3n de ruta.<\/li><li>Control anal\u00f3gico y s\u00faper preciso de tu nave.<\/li><li>Peligros de diferente naturaleza en cada nivel (Atento, no s\u00f3lo balas).<\/li><li>Men\u00fa de selecci\u00f3n de armas, power ups y armas desbloqueables en cada misi\u00f3n.<\/li><li>Banda sonora original con m\u00e1s de 60 canciones<br \/>Secretos, logros y sistema de rangos.<\/li><li>Efecto de monitor CRT.<\/li><\/ul><\/div><\/div>\t\t\t\t\t\t<\/div>\n\t\t\t\t<\/div>\n\t\t\t\t\t<\/div>\n\t\t<\/div>\n\t\t\t\t\t\t\t<\/div>\n\t\t<\/section>\n\t\t\t\t<section class=\"elementor-section elementor-top-section elementor-element elementor-element-72d946b elementor-section-boxed elementor-section-height-default elementor-section-height-default wd-section-disabled\" data-id=\"72d946b\" data-element_type=\"section\">\n\t\t\t\t\t\t<div class=\"elementor-container elementor-column-gap-default\">\n\t\t\t\t\t<div class=\"elementor-column elementor-col-100 elementor-top-column elementor-element elementor-element-a16c7f6\" data-id=\"a16c7f6\" data-element_type=\"column\">\n\t\t\t<div class=\"elementor-widget-wrap elementor-element-populated\">\n\t\t\t\t\t\t\t\t<div class=\"elementor-element elementor-element-8e8be42 elementor-widget elementor-widget-wd_title\" data-id=\"8e8be42\" data-element_type=\"widget\" data-widget_type=\"wd_title.default\">\n\t\t\t\t<div class=\"elementor-widget-container\">\n\t\t\t\t\t<div class=\"title-wrapper set-mb-s reset-last-child wd-title-color-primary wd-title-style-underlined wd-title-size-default text-left\">\n\n\t\t\t\n\t\t\t<div class=\"liner-continer\">\n\t\t\t\t<h4 class=\"woodmart-title-container title wd-fontsize-l\">Manual<\/h4> \n\t\t\t\t\t\t\t<\/div>\n\n\t\t\t\t\t<\/div>\n\t\t\t\t<\/div>\n\t\t\t\t<\/div>\n\t\t\t\t\t<\/div>\n\t\t<\/div>\n\t\t\t\t\t\t\t<\/div>\n\t\t<\/section>\n\t\t\t\t<section class=\"elementor-section elementor-top-section elementor-element elementor-element-4938889 elementor-section-boxed elementor-section-height-default elementor-section-height-default wd-section-disabled\" data-id=\"4938889\" data-element_type=\"section\">\n\t\t\t\t\t\t<div class=\"elementor-container elementor-column-gap-default\">\n\t\t\t\t\t<div class=\"elementor-column elementor-col-33 elementor-top-column elementor-element elementor-element-fad8d4d\" data-id=\"fad8d4d\" data-element_type=\"column\">\n\t\t\t<div class=\"elementor-widget-wrap elementor-element-populated\">\n\t\t\t\t\t\t\t\t<div class=\"elementor-element elementor-element-6fab3be elementor-widget elementor-widget-image\" data-id=\"6fab3be\" data-element_type=\"widget\" data-widget_type=\"image.default\">\n\t\t\t\t<div class=\"elementor-widget-container\">\n\t\t\t\t\t\t\t\t\t\t\t\t\t\t\t<img decoding=\"async\" width=\"1000\" height=\"787\" src=\"https:\/\/abylight.shop\/es\/wp-content\/uploads\/2022\/02\/SH_Manual-Book-web.jpg\" class=\"attachment-large size-large\" alt=\"\" srcset=\"https:\/\/abylight.shop\/es\/wp-content\/uploads\/2022\/02\/SH_Manual-Book-web.jpg 1000w, https:\/\/abylight.shop\/es\/wp-content\/uploads\/2022\/02\/SH_Manual-Book-web-300x236.jpg 300w, https:\/\/abylight.shop\/es\/wp-content\/uploads\/2022\/02\/SH_Manual-Book-web-768x604.jpg 768w, https:\/\/abylight.shop\/es\/wp-content\/uploads\/2022\/02\/SH_Manual-Book-web-600x472.jpg 600w, https:\/\/abylight.shop\/es\/wp-content\/uploads\/2022\/02\/SH_Manual-Book-web-150x118.jpg 150w\" sizes=\"(max-width: 1000px) 100vw, 1000px\" \/>\t\t\t\t\t\t\t\t\t\t\t\t\t\t\t<\/div>\n\t\t\t\t<\/div>\n\t\t\t\t\t<\/div>\n\t\t<\/div>\n\t\t\t\t<div class=\"elementor-column elementor-col-66 elementor-top-column elementor-element elementor-element-0c29631\" data-id=\"0c29631\" data-element_type=\"column\">\n\t\t\t<div class=\"elementor-widget-wrap elementor-element-populated\">\n\t\t\t\t\t\t\t\t<div class=\"elementor-element elementor-element-8b39e26 color-scheme-inherit text-left elementor-widget elementor-widget-text-editor\" data-id=\"8b39e26\" data-element_type=\"widget\" data-widget_type=\"text-editor.default\">\n\t\t\t\t<div class=\"elementor-widget-container\">\n\t\t\t\t\t\t\t\t<p>Delta Force no te enviar\u00eda a la batalla sin la debida informaci\u00f3n e instrucciones. \u00a1Hay demasiado en juego en esta batalla contra las fuerzas meroptian!<\/p><p>De todos modos, no es que necesites un manual de instrucciones. Eres el piloto m\u00e1s h\u00e1bil de la galaxia despu\u00e9s de todo.<\/p><p>Aun as\u00ed, \u00a1es bueno tenerlo!<\/p><p><strong>28 p\u00e1ginas &#8211; a todo color<\/strong><\/p>\t\t\t\t\t\t<\/div>\n\t\t\t\t<\/div>\n\t\t\t\t\t<\/div>\n\t\t<\/div>\n\t\t\t\t\t\t\t<\/div>\n\t\t<\/section>\n\t\t\t\t<section class=\"elementor-section elementor-top-section elementor-element elementor-element-aef961b elementor-section-boxed elementor-section-height-default elementor-section-height-default wd-section-disabled\" data-id=\"aef961b\" data-element_type=\"section\">\n\t\t\t\t\t\t<div class=\"elementor-container elementor-column-gap-default\">\n\t\t\t\t\t<div class=\"elementor-column elementor-col-100 elementor-top-column elementor-element elementor-element-d33839b\" data-id=\"d33839b\" data-element_type=\"column\">\n\t\t\t<div class=\"elementor-widget-wrap elementor-element-populated\">\n\t\t\t\t\t\t\t\t<div class=\"elementor-element elementor-element-e9cb190 elementor-widget elementor-widget-wd_title\" data-id=\"e9cb190\" data-element_type=\"widget\" data-widget_type=\"wd_title.default\">\n\t\t\t\t<div class=\"elementor-widget-container\">\n\t\t\t\t\t<div class=\"title-wrapper set-mb-s reset-last-child wd-title-color-primary wd-title-style-underlined wd-title-size-default text-left\">\n\n\t\t\t\n\t\t\t<div class=\"liner-continer\">\n\t\t\t\t<h4 class=\"woodmart-title-container title wd-fontsize-l\">Portada Reversible<\/h4> \n\t\t\t\t\t\t\t<\/div>\n\n\t\t\t\t\t<\/div>\n\t\t\t\t<\/div>\n\t\t\t\t<\/div>\n\t\t\t\t\t<\/div>\n\t\t<\/div>\n\t\t\t\t\t\t\t<\/div>\n\t\t<\/section>\n\t\t\t\t<section class=\"elementor-section elementor-top-section elementor-element elementor-element-c882275 elementor-section-boxed elementor-section-height-default elementor-section-height-default wd-section-disabled\" data-id=\"c882275\" data-element_type=\"section\">\n\t\t\t\t\t\t<div class=\"elementor-container elementor-column-gap-default\">\n\t\t\t\t\t<div class=\"elementor-column elementor-col-33 elementor-top-column elementor-element elementor-element-f4c11d8\" data-id=\"f4c11d8\" data-element_type=\"column\">\n\t\t\t<div class=\"elementor-widget-wrap elementor-element-populated\">\n\t\t\t\t\t\t\t\t<div class=\"elementor-element elementor-element-63a6253 elementor-widget elementor-widget-image\" data-id=\"63a6253\" data-element_type=\"widget\" data-widget_type=\"image.default\">\n\t\t\t\t<div class=\"elementor-widget-container\">\n\t\t\t\t\t\t\t\t\t\t\t\t\t\t\t<img decoding=\"async\" width=\"1024\" height=\"1024\" src=\"https:\/\/abylight.shop\/es\/wp-content\/uploads\/2022\/02\/Super-Hydorah-Game-Case-EUR-both-front-web-carousel-1-1024x1024.jpg\" class=\"attachment-large size-large\" alt=\"\" srcset=\"https:\/\/abylight.shop\/es\/wp-content\/uploads\/2022\/02\/Super-Hydorah-Game-Case-EUR-both-front-web-carousel-1.jpg 1024w, https:\/\/abylight.shop\/es\/wp-content\/uploads\/2022\/02\/Super-Hydorah-Game-Case-EUR-both-front-web-carousel-1-300x300.jpg 300w, https:\/\/abylight.shop\/es\/wp-content\/uploads\/2022\/02\/Super-Hydorah-Game-Case-EUR-both-front-web-carousel-1-150x150.jpg 150w, https:\/\/abylight.shop\/es\/wp-content\/uploads\/2022\/02\/Super-Hydorah-Game-Case-EUR-both-front-web-carousel-1-768x768.jpg 768w, https:\/\/abylight.shop\/es\/wp-content\/uploads\/2022\/02\/Super-Hydorah-Game-Case-EUR-both-front-web-carousel-1-600x600.jpg 600w, https:\/\/abylight.shop\/es\/wp-content\/uploads\/2022\/02\/Super-Hydorah-Game-Case-EUR-both-front-web-carousel-1-135x135.jpg 135w\" sizes=\"(max-width: 1024px) 100vw, 1024px\" \/>\t\t\t\t\t\t\t\t\t\t\t\t\t\t\t<\/div>\n\t\t\t\t<\/div>\n\t\t\t\t\t<\/div>\n\t\t<\/div>\n\t\t\t\t<div class=\"elementor-column elementor-col-66 elementor-top-column elementor-element elementor-element-b2769ac\" data-id=\"b2769ac\" data-element_type=\"column\">\n\t\t\t<div class=\"elementor-widget-wrap elementor-element-populated\">\n\t\t\t\t\t\t\t\t<div class=\"elementor-element elementor-element-db9bcdf color-scheme-inherit text-left elementor-widget elementor-widget-text-editor\" data-id=\"db9bcdf\" data-element_type=\"widget\" data-widget_type=\"text-editor.default\">\n\t\t\t\t<div class=\"elementor-widget-container\">\n\t\t\t\t\t\t\t\t<p>Dos dise\u00f1os diferentes a elegir para la caja de juego:<\/p><p>&#8211; La forma ominosa de la nave nodriza Juggernaut contra la estrella Omios<\/p><p>&#8211; La car\u00e1tula cl\u00e1sica de Super Hydorah <\/p>\t\t\t\t\t\t<\/div>\n\t\t\t\t<\/div>\n\t\t\t\t\t<\/div>\n\t\t<\/div>\n\t\t\t\t\t\t\t<\/div>\n\t\t<\/section>\n\t\t\t\t<section class=\"elementor-section elementor-top-section elementor-element elementor-element-97b7ad6 elementor-section-boxed elementor-section-height-default elementor-section-height-default wd-section-disabled\" data-id=\"97b7ad6\" data-element_type=\"section\">\n\t\t\t\t\t\t<div class=\"elementor-container elementor-column-gap-default\">\n\t\t\t\t\t<div class=\"elementor-column elementor-col-100 elementor-top-column elementor-element elementor-element-9fe7144\" data-id=\"9fe7144\" data-element_type=\"column\">\n\t\t\t<div class=\"elementor-widget-wrap elementor-element-populated\">\n\t\t\t\t\t\t\t\t<div class=\"elementor-element elementor-element-6a754f6 elementor-widget elementor-widget-wd_title\" data-id=\"6a754f6\" data-element_type=\"widget\" data-widget_type=\"wd_title.default\">\n\t\t\t\t<div class=\"elementor-widget-container\">\n\t\t\t\t\t<div class=\"title-wrapper set-mb-s reset-last-child wd-title-color-primary wd-title-style-underlined wd-title-size-default text-left\">\n\n\t\t\t\n\t\t\t<div class=\"liner-continer\">\n\t\t\t\t<h4 class=\"woodmart-title-container title wd-fontsize-l\">Tarjeta de juego<\/h4> \n\t\t\t\t\t\t\t<\/div>\n\n\t\t\t\t\t<\/div>\n\t\t\t\t<\/div>\n\t\t\t\t<\/div>\n\t\t\t\t\t<\/div>\n\t\t<\/div>\n\t\t\t\t\t\t\t<\/div>\n\t\t<\/section>\n\t\t\t\t<section class=\"elementor-section elementor-top-section elementor-element elementor-element-530c49b elementor-section-boxed elementor-section-height-default elementor-section-height-default wd-section-disabled\" data-id=\"530c49b\" data-element_type=\"section\">\n\t\t\t\t\t\t<div class=\"elementor-container elementor-column-gap-default\">\n\t\t\t\t\t<div class=\"elementor-column elementor-col-33 elementor-top-column elementor-element elementor-element-33e500c\" data-id=\"33e500c\" data-element_type=\"column\">\n\t\t\t<div class=\"elementor-widget-wrap elementor-element-populated\">\n\t\t\t\t\t\t\t\t<div class=\"elementor-element elementor-element-2e36592 elementor-widget elementor-widget-image\" data-id=\"2e36592\" data-element_type=\"widget\" data-widget_type=\"image.default\">\n\t\t\t\t<div class=\"elementor-widget-container\">\n\t\t\t\t\t\t\t\t\t\t\t\t\t\t\t<img decoding=\"async\" width=\"1000\" height=\"935\" src=\"https:\/\/abylight.shop\/es\/wp-content\/uploads\/2022\/02\/Super-Hydorah-Game-Card-EUR-web.jpg\" class=\"attachment-large size-large\" alt=\"\" srcset=\"https:\/\/abylight.shop\/es\/wp-content\/uploads\/2022\/02\/Super-Hydorah-Game-Card-EUR-web.jpg 1000w, https:\/\/abylight.shop\/es\/wp-content\/uploads\/2022\/02\/Super-Hydorah-Game-Card-EUR-web-300x281.jpg 300w, https:\/\/abylight.shop\/es\/wp-content\/uploads\/2022\/02\/Super-Hydorah-Game-Card-EUR-web-768x718.jpg 768w, https:\/\/abylight.shop\/es\/wp-content\/uploads\/2022\/02\/Super-Hydorah-Game-Card-EUR-web-600x561.jpg 600w, https:\/\/abylight.shop\/es\/wp-content\/uploads\/2022\/02\/Super-Hydorah-Game-Card-EUR-web-150x140.jpg 150w\" sizes=\"(max-width: 1000px) 100vw, 1000px\" \/>\t\t\t\t\t\t\t\t\t\t\t\t\t\t\t<\/div>\n\t\t\t\t<\/div>\n\t\t\t\t\t<\/div>\n\t\t<\/div>\n\t\t\t\t<div class=\"elementor-column elementor-col-66 elementor-top-column elementor-element elementor-element-e2678ec\" data-id=\"e2678ec\" data-element_type=\"column\">\n\t\t\t<div class=\"elementor-widget-wrap elementor-element-populated\">\n\t\t\t\t\t\t\t\t<div class=\"elementor-element elementor-element-5c49d24 color-scheme-inherit text-left elementor-widget elementor-widget-text-editor\" data-id=\"5c49d24\" data-element_type=\"widget\" data-widget_type=\"text-editor.default\">\n\t\t\t\t<div class=\"elementor-widget-container\">\n\t\t\t\t\t\t\t\t<p>\u00a1El arma m\u00e1s poderosa contra la invasi\u00f3n meroptian!<\/p><p>Tarjeta de juego para Nintendo Switch, \u00a1repleta de acci\u00f3n sin tregua! L\u00e1seres, explosiones, robots locos, planetas para explorar, ruinas alien\u00edgenas que se desmoronan, peligrosas criaturas biomec\u00e1nicas, enormes jefes&#8230;<\/p><p>\u00bfEst\u00e1s preparado para el desaf\u00edo?<\/p>\t\t\t\t\t\t<\/div>\n\t\t\t\t<\/div>\n\t\t\t\t\t<\/div>\n\t\t<\/div>\n\t\t\t\t\t\t\t<\/div>\n\t\t<\/section>\n\t\t\t\t<section class=\"elementor-section elementor-top-section elementor-element elementor-element-4056234 elementor-section-boxed elementor-section-height-default elementor-section-height-default wd-section-disabled\" data-id=\"4056234\" data-element_type=\"section\">\n\t\t\t\t\t\t<div class=\"elementor-container elementor-column-gap-default\">\n\t\t\t\t\t<div class=\"elementor-column elementor-col-100 elementor-top-column elementor-element elementor-element-d293a0b\" data-id=\"d293a0b\" data-element_type=\"column\">\n\t\t\t<div class=\"elementor-widget-wrap elementor-element-populated\">\n\t\t\t\t\t\t\t\t<div class=\"elementor-element elementor-element-48b49aa elementor-widget elementor-widget-wd_title\" data-id=\"48b49aa\" data-element_type=\"widget\" data-widget_type=\"wd_title.default\">\n\t\t\t\t<div class=\"elementor-widget-container\">\n\t\t\t\t\t<div class=\"title-wrapper set-mb-s reset-last-child wd-title-color-primary wd-title-style-underlined wd-title-size-default text-left\">\n\n\t\t\t\n\t\t\t<div class=\"liner-continer\">\n\t\t\t\t<h4 class=\"woodmart-title-container title wd-fontsize-l\">Trailer<\/h4> \n\t\t\t\t\t\t\t<\/div>\n\n\t\t\t\t\t<\/div>\n\t\t\t\t<\/div>\n\t\t\t\t<\/div>\n\t\t\t\t\t<\/div>\n\t\t<\/div>\n\t\t\t\t\t\t\t<\/div>\n\t\t<\/section>\n\t\t\t\t<section class=\"elementor-section elementor-top-section elementor-element elementor-element-7a4689f elementor-section-content-middle elementor-section-boxed elementor-section-height-default elementor-section-height-default wd-section-disabled\" data-id=\"7a4689f\" data-element_type=\"section\">\n\t\t\t\t\t\t<div class=\"elementor-container elementor-column-gap-default\">\n\t\t\t\t\t<div class=\"elementor-column elementor-col-100 elementor-top-column elementor-element elementor-element-26427c5\" data-id=\"26427c5\" data-element_type=\"column\">\n\t\t\t<div class=\"elementor-widget-wrap elementor-element-populated\">\n\t\t\t\t\t\t\t\t<div class=\"elementor-element elementor-element-105b0e2 elementor-aspect-ratio-169 elementor-widget elementor-widget-video\" data-id=\"105b0e2\" data-element_type=\"widget\" data-settings=\"{&quot;youtube_url&quot;:&quot;https:\\\/\\\/youtu.be\\\/vaVsNc2rFdg?si=dlacgMRAi8ekJH-w&quot;,&quot;modestbranding&quot;:&quot;yes&quot;,&quot;video_type&quot;:&quot;youtube&quot;,&quot;controls&quot;:&quot;yes&quot;,&quot;aspect_ratio&quot;:&quot;169&quot;}\" data-widget_type=\"video.default\">\n\t\t\t\t<div class=\"elementor-widget-container\">\n\t\t\t\t\t<div class=\"elementor-wrapper elementor-fit-aspect-ratio elementor-open-inline\">\n\t\t\t<div class=\"elementor-video\"><\/div>\t\t<\/div>\n\t\t\t\t<\/div>\n\t\t\t\t<\/div>\n\t\t\t\t\t<\/div>\n\t\t<\/div>\n\t\t\t\t\t\t\t<\/div>\n\t\t<\/section>\n\t\t\t\t\t\t<\/div>\n\t\t\t\t\t<\/div>\n\t\t","protected":false},"excerpt":{"rendered":"<p>El cl\u00e1sico indie de culto de Locomalito &amp; Gryzor87 en formato f\u00edsico para Nintendo Switch.<\/p>\n<p>Lucha contra la amenaza de los meroptian en este legendario shoot &#8216;em up de scroll lateral. Selecciona una ruta, equipa tu nave y prep\u00e1rate para la acci\u00f3n.<\/p>\n<p>Esta edici\u00f3n incluye una car\u00e1tula reversible y el manual del juego.<\/p>\n","protected":false},"featured_media":13557,"comment_status":"open","ping_status":"closed","template":"","meta":[],"product_brand":[],"product_cat":[25,27],"product_tag":[],"class_list":{"0":"post-13556","1":"product","2":"type-product","3":"status-publish","4":"has-post-thumbnail","6":"product_cat-juegos","7":"product_cat-nintendo-switch","9":"first","10":"instock","11":"taxable","12":"shipping-taxable","13":"purchasable","14":"product-type-simple"},"_links":{"self":[{"href":"https:\/\/abylight.shop\/es\/wp-json\/wp\/v2\/product\/13556","targetHints":{"allow":["GET"]}}],"collection":[{"href":"https:\/\/abylight.shop\/es\/wp-json\/wp\/v2\/product"}],"about":[{"href":"https:\/\/abylight.shop\/es\/wp-json\/wp\/v2\/types\/product"}],"replies":[{"embeddable":true,"href":"https:\/\/abylight.shop\/es\/wp-json\/wp\/v2\/comments?post=13556"}],"version-history":[{"count":0,"href":"https:\/\/abylight.shop\/es\/wp-json\/wp\/v2\/product\/13556\/revisions"}],"wp:featuredmedia":[{"embeddable":true,"href":"https:\/\/abylight.shop\/es\/wp-json\/wp\/v2\/media\/13557"}],"wp:attachment":[{"href":"https:\/\/abylight.shop\/es\/wp-json\/wp\/v2\/media?parent=13556"}],"wp:term":[{"taxonomy":"product_brand","embeddable":true,"href":"https:\/\/abylight.shop\/es\/wp-json\/wp\/v2\/product_brand?post=13556"},{"taxonomy":"product_cat","embeddable":true,"href":"https:\/\/abylight.shop\/es\/wp-json\/wp\/v2\/product_cat?post=13556"},{"taxonomy":"product_tag","embeddable":true,"href":"https:\/\/abylight.shop\/es\/wp-json\/wp\/v2\/product_tag?post=13556"}],"curies":[{"name":"wp","href":"https:\/\/api.w.org\/{rel}","templated":true}]}}