{"id":13542,"date":"2023-09-22T10:09:59","date_gmt":"2023-09-22T08:09:59","guid":{"rendered":"https:\/\/abylight.shop\/es\/?post_type=product&#038;p=13542"},"modified":"2025-09-18T14:04:06","modified_gmt":"2025-09-18T12:04:06","slug":"brujula-mosqueton-one-military-camp","status":"publish","type":"product","link":"https:\/\/abylight.shop\/es\/merch\/brujula-mosqueton-one-military-camp\/","title":{"rendered":"Br\u00fajula mosquet\u00f3n &#8211; One Military Camp"},"content":{"rendered":"<p>Mosquet\u00f3n con br\u00fajula integrada de color verde, con el logo de One Military Camp<\/p>\n","protected":false},"excerpt":{"rendered":"<p>Mosquet\u00f3n con br\u00fajula integrada de color verde, con el logo de One Military Camp.<\/p>\n","protected":false},"featured_media":13558,"comment_status":"open","ping_status":"closed","template":"","meta":[],"product_brand":[],"product_cat":[116],"product_tag":[],"class_list":{"0":"post-13542","1":"product","2":"type-product","3":"status-publish","4":"has-post-thumbnail","6":"product_cat-merch","8":"first","9":"instock","10":"taxable","11":"shipping-taxable","12":"purchasable","13":"product-type-simple"},"_links":{"self":[{"href":"https:\/\/abylight.shop\/es\/wp-json\/wp\/v2\/product\/13542","targetHints":{"allow":["GET"]}}],"collection":[{"href":"https:\/\/abylight.shop\/es\/wp-json\/wp\/v2\/product"}],"about":[{"href":"https:\/\/abylight.shop\/es\/wp-json\/wp\/v2\/types\/product"}],"replies":[{"embeddable":true,"href":"https:\/\/abylight.shop\/es\/wp-json\/wp\/v2\/comments?post=13542"}],"version-history":[{"count":0,"href":"https:\/\/abylight.shop\/es\/wp-json\/wp\/v2\/product\/13542\/revisions"}],"wp:featuredmedia":[{"embeddable":true,"href":"https:\/\/abylight.shop\/es\/wp-json\/wp\/v2\/media\/13558"}],"wp:attachment":[{"href":"https:\/\/abylight.shop\/es\/wp-json\/wp\/v2\/media?parent=13542"}],"wp:term":[{"taxonomy":"product_brand","embeddable":true,"href":"https:\/\/abylight.shop\/es\/wp-json\/wp\/v2\/product_brand?post=13542"},{"taxonomy":"product_cat","embeddable":true,"href":"https:\/\/abylight.shop\/es\/wp-json\/wp\/v2\/product_cat?post=13542"},{"taxonomy":"product_tag","embeddable":true,"href":"https:\/\/abylight.shop\/es\/wp-json\/wp\/v2\/product_tag?post=13542"}],"curies":[{"name":"wp","href":"https:\/\/api.w.org\/{rel}","templated":true}]}}