{"id":13061,"date":"2021-11-26T13:36:50","date_gmt":"2021-11-26T12:36:50","guid":{"rendered":"https:\/\/abylight.shop\/es\/?page_id=13061"},"modified":"2021-11-26T13:44:48","modified_gmt":"2021-11-26T12:44:48","slug":"blog","status":"publish","type":"page","link":"https:\/\/abylight.shop\/es\/blog\/","title":{"rendered":"Blog"},"content":{"rendered":"\t\t<div data-elementor-type=\"wp-page\" data-elementor-id=\"13061\" class=\"elementor elementor-13061\" data-elementor-settings=\"[]\">\n\t\t\t\t\t\t\t<div class=\"elementor-section-wrap\">\n\t\t\t\t\t\t\t<section class=\"elementor-section elementor-top-section elementor-element elementor-element-3bdbc25 elementor-section-content-middle elementor-section-boxed elementor-section-height-default elementor-section-height-default wd-section-disabled\" data-id=\"3bdbc25\" data-element_type=\"section\">\n\t\t\t\t\t\t<div class=\"elementor-container elementor-column-gap-default\">\n\t\t\t\t\t<div class=\"elementor-column elementor-col-100 elementor-top-column elementor-element elementor-element-13b8d3c\" data-id=\"13b8d3c\" data-element_type=\"column\">\n\t\t\t<div class=\"elementor-widget-wrap elementor-element-populated\">\n\t\t\t\t\t\t\t\t<div class=\"elementor-element elementor-element-024d285 elementor-posts--align-left elementor-grid-3 elementor-grid-tablet-2 elementor-grid-mobile-1 elementor-posts--thumbnail-top elementor-card-shadow-yes elementor-posts__hover-gradient elementor-widget elementor-widget-posts\" data-id=\"024d285\" data-element_type=\"widget\" data-settings=\"{&quot;cards_row_gap&quot;:{&quot;unit&quot;:&quot;px&quot;,&quot;size&quot;:40,&quot;sizes&quot;:[]},&quot;cards_columns&quot;:&quot;3&quot;,&quot;cards_columns_tablet&quot;:&quot;2&quot;,&quot;cards_columns_mobile&quot;:&quot;1&quot;}\" data-widget_type=\"posts.cards\">\n\t\t\t\t<div class=\"elementor-widget-container\">\n\t\t\t\t\t<div class=\"elementor-posts-container elementor-posts elementor-posts--skin-cards elementor-grid\">\n\t\t\t\t<article class=\"elementor-post elementor-grid-item post-13097 post type-post status-publish format-standard has-post-thumbnail hentry category-ediciones-fisicas category-hyper-light-drifter category-maldita-castilla tag-ediciones-fisicas tag-hyper-light-drifter-special-edition tag-indie tag-maldita-castilla-ex\">\n\t\t\t<div class=\"elementor-post__card\">\n\t\t\t\t<a class=\"elementor-post__thumbnail__link\" href=\"https:\/\/abylight.shop\/es\/que-pasa-con-las-ediciones-fisicas\/\" >\n\t\t\t<div class=\"elementor-post__thumbnail\"><img decoding=\"async\" width=\"300\" height=\"143\" src=\"https:\/\/abylight.shop\/es\/wp-content\/uploads\/2022\/02\/blog-post-header-3-300x143.jpg\" class=\"attachment-medium size-medium\" alt=\"\" srcset=\"https:\/\/abylight.shop\/es\/wp-content\/uploads\/2022\/02\/blog-post-header-3-300x143.jpg 300w, https:\/\/abylight.shop\/es\/wp-content\/uploads\/2022\/02\/blog-post-header-3-768x367.jpg 768w, https:\/\/abylight.shop\/es\/wp-content\/uploads\/2022\/02\/blog-post-header-3-600x286.jpg 600w, https:\/\/abylight.shop\/es\/wp-content\/uploads\/2022\/02\/blog-post-header-3-150x72.jpg 150w, https:\/\/abylight.shop\/es\/wp-content\/uploads\/2022\/02\/blog-post-header-3.jpg 859w\" sizes=\"(max-width: 300px) 100vw, 300px\" \/><\/div>\n\t\t<\/a>\n\t\t\t\t<div class=\"elementor-post__text\">\n\t\t\t\t<h2 class=\"elementor-post__title\">\n\t\t\t<a href=\"https:\/\/abylight.shop\/es\/que-pasa-con-las-ediciones-fisicas\/\" >\n\t\t\t\t\u00bfQu\u00e9 pasa con las ediciones f\u00edsicas?\t\t\t<\/a>\n\t\t<\/h2>\n\t\t\t\t<div class=\"elementor-post__excerpt\">\n\t\t\t<p>La distribuci\u00f3n digital ha cambiado para siempre la industria del videojuego. Desde la llegada de Steam en 2003, GOG, Epic<\/p>\n\t\t<\/div>\n\t\t\t\t<\/div>\n\t\t\t\t\t<\/div>\n\t\t<\/article>\n\t\t\t\t<article class=\"elementor-post elementor-grid-item post-13087 post type-post status-publish format-standard has-post-thumbnail hentry category-sin-categoria-en\">\n\t\t\t<div class=\"elementor-post__card\">\n\t\t\t\t<a class=\"elementor-post__thumbnail__link\" href=\"https:\/\/abylight.shop\/es\/tercera-edicion-del-set-coleccionista-de-maldita-castilla-ex-eng\/\" >\n\t\t\t<div class=\"elementor-post__thumbnail\"><img decoding=\"async\" width=\"300\" height=\"94\" src=\"https:\/\/abylight.shop\/es\/wp-content\/uploads\/2021\/08\/logo-abylight-shop-300x94.png\" class=\"attachment-medium size-medium\" alt=\"Logo de Abylight Shop\" srcset=\"https:\/\/abylight.shop\/es\/wp-content\/uploads\/2021\/08\/logo-abylight-shop-300x94.png 300w, https:\/\/abylight.shop\/es\/wp-content\/uploads\/2021\/08\/logo-abylight-shop-150x47.png 150w, https:\/\/abylight.shop\/es\/wp-content\/uploads\/2021\/08\/logo-abylight-shop.png 350w\" sizes=\"(max-width: 300px) 100vw, 300px\" \/><\/div>\n\t\t<\/a>\n\t\t\t\t<div class=\"elementor-post__text\">\n\t\t\t\t<h2 class=\"elementor-post__title\">\n\t\t\t<a href=\"https:\/\/abylight.shop\/es\/tercera-edicion-del-set-coleccionista-de-maldita-castilla-ex-eng\/\" >\n\t\t\t\tTercera edici\u00f3n del Set Coleccionista de Maldita Castilla EX ENG\t\t\t<\/a>\n\t\t<\/h2>\n\t\t\t\t<div class=\"elementor-post__excerpt\">\n\t\t\t\t\t<\/div>\n\t\t\t\t<\/div>\n\t\t\t\t\t<\/div>\n\t\t<\/article>\n\t\t\t\t<article class=\"elementor-post elementor-grid-item post-13085 post type-post status-publish format-standard has-post-thumbnail hentry category-abyshop category-ediciones-fisicas category-maldita-castilla tag-edicion-coleccionista tag-maldita-castilla tag-nintendo-switch\">\n\t\t\t<div class=\"elementor-post__card\">\n\t\t\t\t<a class=\"elementor-post__thumbnail__link\" href=\"https:\/\/abylight.shop\/es\/tercera-edicion-del-set-coleccionista-de-maldita-castilla-ex-para-nintendo-switch\/\" >\n\t\t\t<div class=\"elementor-post__thumbnail\"><img decoding=\"async\" width=\"300\" height=\"143\" src=\"https:\/\/abylight.shop\/es\/wp-content\/uploads\/2022\/01\/header_blogpost_CC_1-300x143.jpg\" class=\"attachment-medium size-medium\" alt=\"\" srcset=\"https:\/\/abylight.shop\/es\/wp-content\/uploads\/2022\/01\/header_blogpost_CC_1-300x143.jpg 300w, https:\/\/abylight.shop\/es\/wp-content\/uploads\/2022\/01\/header_blogpost_CC_1-1024x489.jpg 1024w, https:\/\/abylight.shop\/es\/wp-content\/uploads\/2022\/01\/header_blogpost_CC_1-768x367.jpg 768w, https:\/\/abylight.shop\/es\/wp-content\/uploads\/2022\/01\/header_blogpost_CC_1-1536x734.jpg 1536w, https:\/\/abylight.shop\/es\/wp-content\/uploads\/2022\/01\/header_blogpost_CC_1-600x287.jpg 600w, https:\/\/abylight.shop\/es\/wp-content\/uploads\/2022\/01\/header_blogpost_CC_1-150x72.jpg 150w, https:\/\/abylight.shop\/es\/wp-content\/uploads\/2022\/01\/header_blogpost_CC_1.jpg 1920w\" sizes=\"(max-width: 300px) 100vw, 300px\" \/><\/div>\n\t\t<\/a>\n\t\t\t\t<div class=\"elementor-post__text\">\n\t\t\t\t<h2 class=\"elementor-post__title\">\n\t\t\t<a href=\"https:\/\/abylight.shop\/es\/tercera-edicion-del-set-coleccionista-de-maldita-castilla-ex-para-nintendo-switch\/\" >\n\t\t\t\tTercera edici\u00f3n del Set Coleccionista de Maldita Castilla EX para Nintendo Switch\t\t\t<\/a>\n\t\t<\/h2>\n\t\t\t\t<div class=\"elementor-post__excerpt\">\n\t\t\t<p>Parece que fue ayer cuando en Abylight anunciamos el esperad\u00edsimo lanzamiento de la edici\u00f3n coleccionista en formato f\u00edsico para Nintendo<\/p>\n\t\t<\/div>\n\t\t\t\t<\/div>\n\t\t\t\t\t<\/div>\n\t\t<\/article>\n\t\t\t\t<article class=\"elementor-post elementor-grid-item post-13066 post type-post status-publish format-standard has-post-thumbnail hentry category-sin-categoria-en\">\n\t\t\t<div class=\"elementor-post__card\">\n\t\t\t\t<a class=\"elementor-post__thumbnail__link\" href=\"https:\/\/abylight.shop\/es\/por-que-elegir-ediciones-fisicas-y-no-digitales-english\/\" >\n\t\t\t<div class=\"elementor-post__thumbnail\"><img decoding=\"async\" width=\"300\" height=\"94\" src=\"https:\/\/abylight.shop\/es\/wp-content\/uploads\/2021\/08\/logo-abylight-shop-300x94.png\" class=\"attachment-medium size-medium\" alt=\"Logo de Abylight Shop\" srcset=\"https:\/\/abylight.shop\/es\/wp-content\/uploads\/2021\/08\/logo-abylight-shop-300x94.png 300w, https:\/\/abylight.shop\/es\/wp-content\/uploads\/2021\/08\/logo-abylight-shop-150x47.png 150w, https:\/\/abylight.shop\/es\/wp-content\/uploads\/2021\/08\/logo-abylight-shop.png 350w\" sizes=\"(max-width: 300px) 100vw, 300px\" \/><\/div>\n\t\t<\/a>\n\t\t\t\t<div class=\"elementor-post__text\">\n\t\t\t\t<h2 class=\"elementor-post__title\">\n\t\t\t<a href=\"https:\/\/abylight.shop\/es\/por-que-elegir-ediciones-fisicas-y-no-digitales-english\/\" >\n\t\t\t\t\u00bfPor qu\u00e9 elegir ediciones f\u00edsicas y no digitales? &#8211; English\t\t\t<\/a>\n\t\t<\/h2>\n\t\t\t\t<div class=\"elementor-post__excerpt\">\n\t\t\t\t\t<\/div>\n\t\t\t\t<\/div>\n\t\t\t\t\t<\/div>\n\t\t<\/article>\n\t\t\t\t<article class=\"elementor-post elementor-grid-item post-13055 post type-post status-publish format-standard has-post-thumbnail hentry category-abyshop category-ediciones-fisicas category-hyper-light-drifter category-maldita-castilla category-ofertas tag-black-friday tag-ediciones-fisicas tag-hyper-light-drifter tag-maldita-castilla\">\n\t\t\t<div class=\"elementor-post__card\">\n\t\t\t\t<a class=\"elementor-post__thumbnail__link\" href=\"https:\/\/abylight.shop\/es\/por-que-elegir-ediciones-fisicas-y-no-digitales\/\" >\n\t\t\t<div class=\"elementor-post__thumbnail\"><img decoding=\"async\" width=\"300\" height=\"200\" src=\"https:\/\/abylight.shop\/es\/wp-content\/uploads\/2021\/11\/CC_physical-300x200.jpg\" class=\"attachment-medium size-medium\" alt=\"\" srcset=\"https:\/\/abylight.shop\/es\/wp-content\/uploads\/2021\/11\/CC_physical-300x200.jpg 300w, https:\/\/abylight.shop\/es\/wp-content\/uploads\/2021\/11\/CC_physical-1024x683.jpg 1024w, https:\/\/abylight.shop\/es\/wp-content\/uploads\/2021\/11\/CC_physical-768x512.jpg 768w, https:\/\/abylight.shop\/es\/wp-content\/uploads\/2021\/11\/CC_physical-600x400.jpg 600w, https:\/\/abylight.shop\/es\/wp-content\/uploads\/2021\/11\/CC_physical-150x100.jpg 150w, https:\/\/abylight.shop\/es\/wp-content\/uploads\/2021\/11\/CC_physical.jpg 1200w\" sizes=\"(max-width: 300px) 100vw, 300px\" \/><\/div>\n\t\t<\/a>\n\t\t\t\t<div class=\"elementor-post__text\">\n\t\t\t\t<h2 class=\"elementor-post__title\">\n\t\t\t<a href=\"https:\/\/abylight.shop\/es\/por-que-elegir-ediciones-fisicas-y-no-digitales\/\" >\n\t\t\t\t\u00bfPor qu\u00e9 elegir ediciones f\u00edsicas y no digitales?\t\t\t<\/a>\n\t\t<\/h2>\n\t\t\t\t<div class=\"elementor-post__excerpt\">\n\t\t\t<p>Las rebajas de 2021 para el Black Friday ya est\u00e1n aqu\u00ed y podemos encontrar grandes ofertas por doquier, tanto en<\/p>\n\t\t<\/div>\n\t\t\t\t<\/div>\n\t\t\t\t\t<\/div>\n\t\t<\/article>\n\t\t\t\t<\/div>\n\t\t\t\t<\/div>\n\t\t\t\t<\/div>\n\t\t\t\t\t<\/div>\n\t\t<\/div>\n\t\t\t\t\t\t\t<\/div>\n\t\t<\/section>\n\t\t\t\t\t\t<\/div>\n\t\t\t\t\t<\/div>\n\t\t","protected":false},"excerpt":{"rendered":"","protected":false},"author":23,"featured_media":12969,"parent":0,"menu_order":0,"comment_status":"closed","ping_status":"closed","template":"","meta":{"footnotes":""},"class_list":["post-13061","page","type-page","status-publish","has-post-thumbnail","hentry"],"_links":{"self":[{"href":"https:\/\/abylight.shop\/es\/wp-json\/wp\/v2\/pages\/13061","targetHints":{"allow":["GET"]}}],"collection":[{"href":"https:\/\/abylight.shop\/es\/wp-json\/wp\/v2\/pages"}],"about":[{"href":"https:\/\/abylight.shop\/es\/wp-json\/wp\/v2\/types\/page"}],"author":[{"embeddable":true,"href":"https:\/\/abylight.shop\/es\/wp-json\/wp\/v2\/users\/23"}],"replies":[{"embeddable":true,"href":"https:\/\/abylight.shop\/es\/wp-json\/wp\/v2\/comments?post=13061"}],"version-history":[{"count":0,"href":"https:\/\/abylight.shop\/es\/wp-json\/wp\/v2\/pages\/13061\/revisions"}],"wp:featuredmedia":[{"embeddable":true,"href":"https:\/\/abylight.shop\/es\/wp-json\/wp\/v2\/media\/12969"}],"wp:attachment":[{"href":"https:\/\/abylight.shop\/es\/wp-json\/wp\/v2\/media?parent=13061"}],"curies":[{"name":"wp","href":"https:\/\/api.w.org\/{rel}","templated":true}]}}